{"id":768,"date":"2024-02-18T18:05:31","date_gmt":"2024-02-18T17:05:31","guid":{"rendered":"https:\/\/galactic-studios.ch\/contact\/"},"modified":"2024-03-19T15:53:18","modified_gmt":"2024-03-19T14:53:18","slug":"contact","status":"publish","type":"page","link":"https:\/\/galactic-studios.ch\/fr\/contact\/","title":{"rendered":"Contact"},"content":{"rendered":"\r\n<section id=\"ac-block_b194a5dd341c93750157cace399cf071\" class=\"block-contact\">\r\n\r\n    <div class=\"wrapper\">\r\n        <div class=\"image-column\">\r\n             <div class=\"is-css-clipped-image shape-2\">\r\n                \r\n                <div class=\"geometry\">\r\n                    <div class=\"bubble bubble-1\"><\/div>\r\n                    <div class=\"bubble bubble-2\"><\/div>\r\n                <\/div>\r\n\r\n                <div class=\"image\"><img decoding=\"async\" loading=\"lazy\" src=\"https:\/\/galactic-studios.ch\/wp-content\/uploads\/2024\/03\/image-contact.jpg\" alt=\"\" ><\/div>\r\n            <\/div>\r\n\r\n            <!-- <div class=\"image\"><img decoding=\"async\" loading=\"lazy\" src=\"https:\/\/galactic-studios.ch\/wp-content\/uploads\/2024\/03\/image-contact.jpg\" alt=\"\" ><\/div> -->\r\n        <\/div>\r\n\r\n        <div class=\"content-column\">\r\n\r\n            <div class=\"primary\">\r\n\r\n                <h1 class=\"title\"><p>Travaillons <span class=\"gradient-background\">Ensemble !<\/span><\/p>\n<\/h1>\r\n\r\n                <p class=\"description\">\u00cates-vous pr\u00eat.e \u00e0 franchir le pas et \u00e0 contribuer \u00e0 combler le foss\u00e9 entre la science et la soci\u00e9t\u00e9 ? Vous avez des questions ou un projet concret en t\u00eate ? N&rsquo;h\u00e9sitez pas \u00e0 nous contacter !<\/p>\r\n                \r\n                \n<div class=\"wpcf7 no-js\" id=\"wpcf7-f914-o1\" lang=\"fr-FR\" dir=\"ltr\" data-wpcf7-id=\"914\">\n<div class=\"screen-reader-response\"><p role=\"status\" aria-live=\"polite\" aria-atomic=\"true\"><\/p> <ul><\/ul><\/div>\n<form action=\"\/fr\/wp-json\/wp\/v2\/pages\/768#wpcf7-f914-o1\" method=\"post\" class=\"wpcf7-form init\" aria-label=\"Formulaire de contact\" novalidate=\"novalidate\" data-status=\"init\">\n<fieldset class=\"hidden-fields-container\"><input type=\"hidden\" name=\"_wpcf7\" value=\"914\" \/><input type=\"hidden\" name=\"_wpcf7_version\" value=\"6.1.5\" \/><input type=\"hidden\" name=\"_wpcf7_locale\" value=\"fr_FR\" \/><input type=\"hidden\" name=\"_wpcf7_unit_tag\" value=\"wpcf7-f914-o1\" \/><input type=\"hidden\" name=\"_wpcf7_container_post\" value=\"0\" \/><input type=\"hidden\" name=\"_wpcf7_posted_data_hash\" value=\"\" \/><input type=\"hidden\" name=\"_wpcf7_recaptcha_response\" value=\"\" \/>\n<\/fieldset>\n<div class=\"form-row\">\n\n    <div class=\"form-item\">\n        <span class=\"wpcf7-form-control-wrap\" data-name=\"lastname\"><input size=\"40\" maxlength=\"400\" class=\"wpcf7-form-control wpcf7-text wpcf7-validates-as-required\" aria-required=\"true\" aria-invalid=\"false\" placeholder=\"Lastname*\" value=\"\" type=\"text\" name=\"lastname\" \/><\/span>\n    <\/div>\n\n    <div class=\"form-item\">\n        <span class=\"wpcf7-form-control-wrap\" data-name=\"firstname\"><input size=\"40\" maxlength=\"400\" class=\"wpcf7-form-control wpcf7-text wpcf7-validates-as-required\" aria-required=\"true\" aria-invalid=\"false\" placeholder=\"Firstname*\" value=\"\" type=\"text\" name=\"firstname\" \/><\/span>\n    <\/div>\n\n<\/div>\n\n<div class=\"form-row\">\n    <div class=\"form-item\">\n        <span class=\"wpcf7-form-control-wrap\" data-name=\"email\"><input size=\"40\" maxlength=\"400\" class=\"wpcf7-form-control wpcf7-email wpcf7-validates-as-required wpcf7-text wpcf7-validates-as-email\" aria-required=\"true\" aria-invalid=\"false\" placeholder=\"Email*\" value=\"\" type=\"email\" name=\"email\" \/><\/span>\n    <\/div>\n<\/div>\n\n<div class=\"form-row\">\n    <div class=\"form-item\">\n        <span class=\"wpcf7-form-control-wrap\" data-name=\"service\"><select class=\"wpcf7-form-control wpcf7-select\" aria-invalid=\"false\" name=\"service\"><option value=\"Choose a service that interest you\">Choose a service that interest you<\/option><option value=\"Science Communication\">Science Communication<\/option><option value=\"Science Influence\">Science Influence<\/option><option value=\"Science Education\">Science Education<\/option><\/select><\/span>\n    <\/div>\n<\/div>\n\n<div class=\"form-row\">\n    <div class=\"form-item\">\n        <span class=\"wpcf7-form-control-wrap\" data-name=\"message\"><textarea cols=\"40\" rows=\"10\" maxlength=\"2000\" class=\"wpcf7-form-control wpcf7-textarea wpcf7-validates-as-required\" aria-required=\"true\" aria-invalid=\"false\" placeholder=\"Message*\" name=\"message\"><\/textarea><\/span>\n    <\/div>\n<\/div>\n\n<p class=\"google-recaptcha-notice\">\n<small>This site is protected by reCAPTCHA and the Google \n    <a href=\"https:\/\/policies.google.com\/privacy\">Privacy Policy<\/a> and\n    <a href=\"https:\/\/policies.google.com\/terms\">Terms of Service<\/a> apply.\n<\/small>\n<\/p>\n\n<div class=\"form-row\">\n    <button class=\"ac-button dark with-arrow\">To infinity and beyond<\/button>\n<\/div><div class=\"wpcf7-response-output\" aria-hidden=\"true\"><\/div>\n<\/form>\n<\/div>\n                \r\n            <\/div>\r\n\r\n            <p class=\"separator\"><span>ou<\/span><\/p>\r\n\r\n            <div class=\"secondary\">\r\n\r\n                <h2 class=\"title\"><p>Planifier <span class=\"gradient-background\">une r\u00e9union<\/span><\/p>\n<\/h2>\r\n\r\n                <p class=\"description\"><\/p>\r\n                \r\n                <a href=\"https:\/\/calendly.com\/chloe-carriere\/30min\" class=\"dark with-arrow ac-button\" target=\"_blank\">Go to Calendly<\/a>                \r\n            <\/div>\r\n            \r\n        <\/div>\r\n    <\/div>\r\n    \r\n<\/section>\r\n\n\n\r\n<section id=\"ac-block_59381e763a7f573627ef5dd12ef2abea\" class=\"block-spacing size-160\"><\/section>\r\n","protected":false},"excerpt":{"rendered":"","protected":false},"author":1,"featured_media":0,"parent":0,"menu_order":0,"comment_status":"closed","ping_status":"closed","template":"","meta":{"_acf_changed":false,"footnotes":""},"class_list":["post-768","page","type-page","status-publish","hentry"],"acf":[],"yoast_head":"<!-- This site is optimized with the Yoast SEO plugin v27.4 - https:\/\/yoast.com\/product\/yoast-seo-wordpress\/ -->\n<title>Contact - Galactic Studios<\/title>\n<meta name=\"robots\" content=\"index, follow, max-snippet:-1, max-image-preview:large, max-video-preview:-1\" \/>\n<link rel=\"canonical\" href=\"https:\/\/galactic-studios.ch\/fr\/contact\/\" \/>\n<meta property=\"og:locale\" content=\"fr_FR\" \/>\n<meta property=\"og:type\" content=\"article\" \/>\n<meta property=\"og:title\" content=\"Contact - Galactic Studios\" \/>\n<meta property=\"og:url\" content=\"https:\/\/galactic-studios.ch\/fr\/contact\/\" \/>\n<meta property=\"og:site_name\" content=\"Galactic Studios\" \/>\n<meta property=\"article:modified_time\" content=\"2024-03-19T14:53:18+00:00\" \/>\n<meta property=\"og:image\" content=\"https:\/\/galactic-studios.ch\/wp-content\/uploads\/2024\/03\/OG-IMG-1.jpg\" \/>\n\t<meta property=\"og:image:width\" content=\"1200\" \/>\n\t<meta property=\"og:image:height\" content=\"630\" \/>\n\t<meta property=\"og:image:type\" content=\"image\/jpeg\" \/>\n<meta name=\"twitter:card\" content=\"summary_large_image\" \/>\n<script type=\"application\/ld+json\" class=\"yoast-schema-graph\">{\"@context\":\"https:\\\/\\\/schema.org\",\"@graph\":[{\"@type\":\"WebPage\",\"@id\":\"https:\\\/\\\/galactic-studios.ch\\\/fr\\\/contact\\\/\",\"url\":\"https:\\\/\\\/galactic-studios.ch\\\/fr\\\/contact\\\/\",\"name\":\"Contact - Galactic Studios\",\"isPartOf\":{\"@id\":\"https:\\\/\\\/galactic-studios.ch\\\/#website\"},\"datePublished\":\"2024-02-18T17:05:31+00:00\",\"dateModified\":\"2024-03-19T14:53:18+00:00\",\"breadcrumb\":{\"@id\":\"https:\\\/\\\/galactic-studios.ch\\\/fr\\\/contact\\\/#breadcrumb\"},\"inLanguage\":\"fr-FR\",\"potentialAction\":[{\"@type\":\"ReadAction\",\"target\":[\"https:\\\/\\\/galactic-studios.ch\\\/fr\\\/contact\\\/\"]}]},{\"@type\":\"BreadcrumbList\",\"@id\":\"https:\\\/\\\/galactic-studios.ch\\\/fr\\\/contact\\\/#breadcrumb\",\"itemListElement\":[{\"@type\":\"ListItem\",\"position\":1,\"name\":\"Home\",\"item\":\"https:\\\/\\\/galactic-studios.ch\\\/fr\\\/\"},{\"@type\":\"ListItem\",\"position\":2,\"name\":\"Contact\"}]},{\"@type\":\"WebSite\",\"@id\":\"https:\\\/\\\/galactic-studios.ch\\\/#website\",\"url\":\"https:\\\/\\\/galactic-studios.ch\\\/\",\"name\":\"Galactic Studios\",\"description\":\"\",\"publisher\":{\"@id\":\"https:\\\/\\\/galactic-studios.ch\\\/#organization\"},\"potentialAction\":[{\"@type\":\"SearchAction\",\"target\":{\"@type\":\"EntryPoint\",\"urlTemplate\":\"https:\\\/\\\/galactic-studios.ch\\\/?s={search_term_string}\"},\"query-input\":{\"@type\":\"PropertyValueSpecification\",\"valueRequired\":true,\"valueName\":\"search_term_string\"}}],\"inLanguage\":\"fr-FR\"},{\"@type\":\"Organization\",\"@id\":\"https:\\\/\\\/galactic-studios.ch\\\/#organization\",\"name\":\"Galactic Studios\",\"url\":\"https:\\\/\\\/galactic-studios.ch\\\/\",\"logo\":{\"@type\":\"ImageObject\",\"inLanguage\":\"fr-FR\",\"@id\":\"https:\\\/\\\/galactic-studios.ch\\\/#\\\/schema\\\/logo\\\/image\\\/\",\"url\":\"https:\\\/\\\/galactic-studios.ch\\\/wp-content\\\/uploads\\\/2024\\\/02\\\/logo.svg\",\"contentUrl\":\"https:\\\/\\\/galactic-studios.ch\\\/wp-content\\\/uploads\\\/2024\\\/02\\\/logo.svg\",\"width\":1,\"height\":1,\"caption\":\"Galactic Studios\"},\"image\":{\"@id\":\"https:\\\/\\\/galactic-studios.ch\\\/#\\\/schema\\\/logo\\\/image\\\/\"},\"sameAs\":[\"https:\\\/\\\/www.instagram.com\\\/galacticchloe\",\"https:\\\/\\\/ch.linkedin.com\\\/in\\\/chloecarriere\"]}]}<\/script>\n<!-- \/ Yoast SEO plugin. -->","yoast_head_json":{"title":"Contact - Galactic Studios","robots":{"index":"index","follow":"follow","max-snippet":"max-snippet:-1","max-image-preview":"max-image-preview:large","max-video-preview":"max-video-preview:-1"},"canonical":"https:\/\/galactic-studios.ch\/fr\/contact\/","og_locale":"fr_FR","og_type":"article","og_title":"Contact - Galactic Studios","og_url":"https:\/\/galactic-studios.ch\/fr\/contact\/","og_site_name":"Galactic Studios","article_modified_time":"2024-03-19T14:53:18+00:00","og_image":[{"width":1200,"height":630,"url":"https:\/\/galactic-studios.ch\/wp-content\/uploads\/2024\/03\/OG-IMG-1.jpg","type":"image\/jpeg"}],"twitter_card":"summary_large_image","schema":{"@context":"https:\/\/schema.org","@graph":[{"@type":"WebPage","@id":"https:\/\/galactic-studios.ch\/fr\/contact\/","url":"https:\/\/galactic-studios.ch\/fr\/contact\/","name":"Contact - Galactic Studios","isPartOf":{"@id":"https:\/\/galactic-studios.ch\/#website"},"datePublished":"2024-02-18T17:05:31+00:00","dateModified":"2024-03-19T14:53:18+00:00","breadcrumb":{"@id":"https:\/\/galactic-studios.ch\/fr\/contact\/#breadcrumb"},"inLanguage":"fr-FR","potentialAction":[{"@type":"ReadAction","target":["https:\/\/galactic-studios.ch\/fr\/contact\/"]}]},{"@type":"BreadcrumbList","@id":"https:\/\/galactic-studios.ch\/fr\/contact\/#breadcrumb","itemListElement":[{"@type":"ListItem","position":1,"name":"Home","item":"https:\/\/galactic-studios.ch\/fr\/"},{"@type":"ListItem","position":2,"name":"Contact"}]},{"@type":"WebSite","@id":"https:\/\/galactic-studios.ch\/#website","url":"https:\/\/galactic-studios.ch\/","name":"Galactic Studios","description":"","publisher":{"@id":"https:\/\/galactic-studios.ch\/#organization"},"potentialAction":[{"@type":"SearchAction","target":{"@type":"EntryPoint","urlTemplate":"https:\/\/galactic-studios.ch\/?s={search_term_string}"},"query-input":{"@type":"PropertyValueSpecification","valueRequired":true,"valueName":"search_term_string"}}],"inLanguage":"fr-FR"},{"@type":"Organization","@id":"https:\/\/galactic-studios.ch\/#organization","name":"Galactic Studios","url":"https:\/\/galactic-studios.ch\/","logo":{"@type":"ImageObject","inLanguage":"fr-FR","@id":"https:\/\/galactic-studios.ch\/#\/schema\/logo\/image\/","url":"https:\/\/galactic-studios.ch\/wp-content\/uploads\/2024\/02\/logo.svg","contentUrl":"https:\/\/galactic-studios.ch\/wp-content\/uploads\/2024\/02\/logo.svg","width":1,"height":1,"caption":"Galactic Studios"},"image":{"@id":"https:\/\/galactic-studios.ch\/#\/schema\/logo\/image\/"},"sameAs":["https:\/\/www.instagram.com\/galacticchloe","https:\/\/ch.linkedin.com\/in\/chloecarriere"]}]}},"_links":{"self":[{"href":"https:\/\/galactic-studios.ch\/fr\/wp-json\/wp\/v2\/pages\/768","targetHints":{"allow":["GET"]}}],"collection":[{"href":"https:\/\/galactic-studios.ch\/fr\/wp-json\/wp\/v2\/pages"}],"about":[{"href":"https:\/\/galactic-studios.ch\/fr\/wp-json\/wp\/v2\/types\/page"}],"author":[{"embeddable":true,"href":"https:\/\/galactic-studios.ch\/fr\/wp-json\/wp\/v2\/users\/1"}],"replies":[{"embeddable":true,"href":"https:\/\/galactic-studios.ch\/fr\/wp-json\/wp\/v2\/comments?post=768"}],"version-history":[{"count":7,"href":"https:\/\/galactic-studios.ch\/fr\/wp-json\/wp\/v2\/pages\/768\/revisions"}],"predecessor-version":[{"id":953,"href":"https:\/\/galactic-studios.ch\/fr\/wp-json\/wp\/v2\/pages\/768\/revisions\/953"}],"wp:attachment":[{"href":"https:\/\/galactic-studios.ch\/fr\/wp-json\/wp\/v2\/media?parent=768"}],"curies":[{"name":"wp","href":"https:\/\/api.w.org\/{rel}","templated":true}]}}